{"id":10286,"date":"2023-02-07T15:48:37","date_gmt":"2023-02-07T14:48:37","guid":{"rendered":"https:\/\/www.costaserena.it\/privacy-policy\/"},"modified":"2023-02-07T15:48:37","modified_gmt":"2023-02-07T14:48:37","slug":"privacy-policy","status":"publish","type":"page","link":"https:\/\/www.costaserena.it\/en\/privacy-policy\/","title":{"rendered":"Privacy Policy"},"content":{"rendered":"<p class=\"western\"><span style=\"font-size: medium;\"><b><span style=\"font-family: inherit, Times New Roman, serif;\">GDPR 679\/2016 \u2013 Informativa in materia di protezione dei dati personali<\/span><\/b><\/span><\/p>\n<p class=\"western\"><span style=\"font-size: medium;\"><b><span style=\"font-family: inherit, Times New Roman, serif;\">Si informano gli utenti:<\/span><\/b><\/span><\/p>\n<p class=\"western\"><span style=\"font-family: inherit, Times New Roman, serif;\"><span style=\"font-size: medium;\">che i dati verranno trattati in accordo alle disposizioni legislative della normativa sopra richiamata e degli obblighi di riservatezza ivi previsti secondo i principi di correttezza, liceit\u00e0, trasparenza e di tutela della Sua riservatezza<\/span><\/span><\/p>\n<p class=\"western\"><span style=\"font-size: medium;\"><b><span style=\"font-family: inherit, Times New Roman, serif;\">Base giuridica<\/span><\/b><\/span><\/p>\n<p class=\"western\"><span style=\"font-family: inherit, Times New Roman, serif;\"><span style=\"font-size: medium;\">L\u2019elaborazione dei dati del cliente si basa sul consenso fornito direttamente dallo stesso, e sulla necessaria elaborazione per consentire la conclusione del contratto di servizio e acconsentono al trattamento dei loro dati personali in relazione alle modalit\u00e0 e alle finalit\u00e0 di seguito descritte, compreso l\u2019eventuale diffusione a terzi se necessaria per l\u2019erogazione di un servizio.<\/span><\/span><\/p>\n<p class=\"western\"><span style=\"font-family: inherit, Times New Roman, serif;\"><span style=\"font-size: medium;\">Art. 6 comma 1) lett. a) l\u2019interessato ha espresso il consenso al trattamento dei propri dati personali per una o pi\u00f9 specifiche finalit\u00e0; b) il trattamento \u00e8 necessario all\u2019esecuzione di un contratto di cui l\u2019interessato \u00e8 parte o all\u2019esecuzione di misure precontrattuali adottate su richiesta dello stesso; f) il trattamento \u00e8 necessario per il perseguimento del legittimo interesse del titolare del trattamento o di terzi.<\/span><\/span><\/p>\n<p class=\"western\"><span style=\"font-family: inherit, Times New Roman, serif;\"><span style=\"font-size: medium;\">Il Titolare del Trattamento dei suoi dati personali \u00e8 <\/span><\/span><span style=\"font-family: inherit, Times New Roman, serif;\"><span style=\"font-size: medium;\">STELLA MARIS IMMOBILIARE di Ausilia e Adriana &#8211; P.Iva 02344960907 &#8211; localit\u00e0 Costa Serena, Piazzetta Principale, 07020 Palau (OT) &#8211; Italia<\/span><\/span><span style=\"font-family: inherit, Times New Roman, serif;\"><span style=\"font-size: medium;\">, responsabile del legittimo e corretto uso dei suoi dati personali e che potr\u00e0 contattare per qualsiasi informazione o richiesta ai seguenti recapiti: dati di contatto: Tel:<\/span><\/span><span style=\"font-family: inherit, Times New Roman, serif;\"><span style=\"font-size: medium;\"> 0789 700407<\/span><\/span><span style=\"font-family: inherit, Times New Roman, serif;\"><span style=\"font-size: medium;\"> mail: <\/span><\/span><span style=\"font-family: inherit, Times New Roman, serif;\"><span style=\"font-size: medium;\">costaserena@costaserena.it<\/span><\/span><\/p>\n<p class=\"western\"><span style=\"font-family: inherit, Times New Roman, serif;\"><span style=\"font-size: medium;\">Il Titolare del trattamento, ai sensi dell\u2019art. 37 GDPR ha nominato il suo legale rappresentante pro-tempore.<\/span><\/span><\/p>\n<p class=\"western\"><span style=\"font-size: medium;\"><b><span style=\"font-family: inherit, Times New Roman, serif;\">Finalit\u00e0 del Trattamento<\/span><\/b><\/span><\/p>\n<p class=\"western\"><span style=\"font-size: medium;\"><b><span style=\"font-family: inherit, Times New Roman, serif;\">1.<\/span><\/b><\/span><span style=\"font-family: inherit, Times New Roman, serif;\"><span style=\"font-size: medium;\">Dare seguito alle attivit\u00e0 di presales e di informazione commerciale richieste dal soggetto.<\/span><\/span><\/p>\n<p class=\"western\"><span style=\"font-size: medium;\"><b><span style=\"font-family: inherit, Times New Roman, serif;\">2.<\/span><\/b><\/span><span style=\"font-family: inherit, Times New Roman, serif;\"><span style=\"font-size: medium;\">Gestire, concludere e dare esecuzione del rapporto contrattuale concordato, nonch\u00e9, degli eventuali dispositivi accessori richiesti, incluso ogni adempimento relativo ad obblighi fiscali e di contabilit\u00e0.<\/span><\/span><\/p>\n<p class=\"western\"><span style=\"font-size: medium;\"><b><span style=\"font-family: inherit, Times New Roman, serif;\">3.<\/span><\/b><\/span><span style=\"font-family: inherit, Times New Roman, serif;\"><span style=\"font-size: medium;\">Gestire ed eseguire le richieste di contatto dell\u2019interessato, le richieste di fornitura dei servizi, nelle richieste di assistenza anche mediante comunicazione a terzi.<\/span><\/span><\/p>\n<p class=\"western\"><span style=\"font-size: medium;\"><b><span style=\"font-family: inherit, Times New Roman, serif;\">4.<\/span><\/b><\/span><span style=\"font-family: inherit, Times New Roman, serif;\"><span style=\"font-size: medium;\">Dati derivanti da implicita trasmissione nell\u2019uso dei protocolli di comunicazione di Internet,<\/span><\/span><\/p>\n<p class=\"western\"><span style=\"font-size: medium;\"><b><span style=\"font-family: inherit, Times New Roman, serif;\">5.<\/span><\/b><\/span><span style=\"font-family: inherit, Times New Roman, serif;\"><span style=\"font-size: medium;\">I dati potrebbero inoltre essere utilizzati per l\u2019accertamento di responsabilit\u00e0 in caso di ipotetici reati informatici ai danni della struttura informatica (legittimi interessi del titolare).<\/span><\/span><\/p>\n<p class=\"western\"><span style=\"font-size: medium;\"><b><span style=\"font-family: inherit, Times New Roman, serif;\">6.<\/span><\/b><\/span><span style=\"font-family: inherit, Times New Roman, serif;\"><span style=\"font-size: medium;\">La <\/span><\/span><span style=\"font-family: inherit, Times New Roman, serif;\"><span style=\"font-size: medium;\">STELLA MARIS IMMOBILIARE<\/span><\/span><span style=\"font-family: inherit, Times New Roman, serif;\"><span style=\"font-size: medium;\"> effettua la profilazione secondo le modalit\u00e0 e i limiti normativi, con invio di informazioni promozionali relative ai nostri servizi, informazioni di marketing, remarketing, pubblicit\u00e0 e altre informazioni che possono essere di tuo interesse in base alle preferenze espresse in sede di conferimento dei dati personali.<\/span><\/span><\/p>\n<p class=\"western\"><span style=\"font-size: medium;\"><b><span style=\"font-family: inherit, Times New Roman, serif;\">Ambito Territoriale<\/span><\/b><\/span><\/p>\n<p class=\"western\"><span style=\"font-family: inherit, Times New Roman, serif;\"><span style=\"font-size: medium;\">Il Titolare informa che effettuer\u00e0 il trattamento dei dati conferiti, prevalentemente in via diretta o attraverso incarico ad altro soggetto comunque in ambito Europeo.<\/span><\/span><\/p>\n<p class=\"western\"><span style=\"font-size: medium;\"><b><span style=\"font-family: inherit, Times New Roman, serif;\">L\u2019Interessato<\/span><\/b><\/span><\/p>\n<p class=\"western\"><span style=\"font-family: inherit, Times New Roman, serif;\"><span style=\"font-size: medium;\">ai sensi dell\u2019articolo 15 del Regolamento EU 679\/2016 ha diritto di ottenere la conferma dell\u2019esistenza o meno di dati che la riguardano, ottenere l\u2019indicazione dell\u2019origine e delle finalit\u00e0 e modalit\u00e0 del trattamento, l\u2019aggiornamento, la rettificazione, l\u2019integrazione dei dati, la cancellazione dei dati trattati in violazione di legge e ha diritto di opporsi al trattamento per finalit\u00e0 di invio di materiale pubblicitario.<\/span><\/span><\/p>\n<p class=\"western\"><span style=\"font-size: medium;\"><b><span style=\"font-family: inherit, Times New Roman, serif;\">Esercizio dei diritti \u2013 Reclamo<\/span><\/b><\/span><\/p>\n<p class=\"western\"><span style=\"font-family: inherit, Times New Roman, serif;\"><span style=\"font-size: medium;\">\u00c8 possibile esercitare ogni diritto descritto in questa sezione nei confronti del Titolare del trattamento, inviando un\u2019email a <\/span><\/span><span style=\"font-family: inherit, Times New Roman, serif;\"><span style=\"font-size: medium;\">costaserena@costaserena.it<\/span><\/span><\/p>\n<p class=\"western\"><span style=\"font-family: inherit, Times New Roman, serif;\"><span style=\"font-size: medium;\">Ti ricordiamo che potremmo chiederti di verificare la tua identit\u00e0 prima di intraprendere ulteriori azioni in base alla tua richiesta. Per esercitare i diritti di cui all\u2019art. 15 del Regolamento EU 679\/2016 pu\u00f2 rivolgersi al Titolare scrivendo a: <\/span><\/span><span style=\"font-family: inherit, Times New Roman, serif;\"><span style=\"font-size: medium;\">STELLA MARIS IMMOBILIARE di Ausilia e Adriana &#8211; P.Iva 02344960907 &#8211; localit\u00e0 Costa Serena, Piazzetta Principale, 07020 Palau (OT) &#8211; Italia<\/span><\/span><span style=\"font-family: inherit, Times New Roman, serif;\"><span style=\"font-size: medium;\"> o inviando una mail a <\/span><\/span><span style=\"font-family: inherit, Times New Roman, serif;\"><span style=\"font-size: medium;\">costaserena@costaserena.it<\/span><\/span><\/p>\n<p class=\"western\"><span style=\"font-size: medium;\"><b><span style=\"font-family: inherit, Times New Roman, serif;\">Accesso ai dati<\/span><\/b><\/span><\/p>\n<p class=\"western\"><span style=\"font-family: inherit, Times New Roman, serif;\"><span style=\"font-size: medium;\">Hai il diritto di richiedere copie di dati personali che ci hai fornito in un formato strutturato, comunemente usato e leggibile elettronicamente, e\/o richiederci di trasmettere tali informazioni a un altro fornitore di servizi (laddove tecnicamente fattibile).<\/span><\/span><\/p>\n<p class=\"western\"><span style=\"font-family: inherit, Times New Roman, serif;\"><span style=\"font-size: medium;\">Durata del Trattamento Conservazione<\/span><\/span><\/p>\n<p class=\"western\"><span style=\"font-family: inherit, Times New Roman, serif;\"><span style=\"font-size: medium;\">In generale, <\/span><\/span><span style=\"font-family: inherit, Times New Roman, serif;\"><span style=\"font-size: medium;\">STELLA MARIS IMMOBILIARE<\/span><\/span><span style=\"font-family: inherit, Times New Roman, serif;\"><span style=\"font-size: medium;\"> conserva i tuoi dati personali brevi periodi di tempo, o per il tempo necessario all\u2019esecuzione del contratto stipulato.<\/span><\/span><\/p>\n<p class=\"western\"><span style=\"font-family: inherit, Times New Roman, serif;\"><span style=\"font-size: medium;\">Potremmo conservare alcuni dei tuoi dati personali nella misura necessaria ad assolvere ai nostri obblighi legali e fiscali nonch\u00e9 alla tutela dei nostri interessi contrattuali.<\/span><\/span><\/p>\n<p class=\"western\"><span style=\"font-family: inherit, Times New Roman, serif;\"><span style=\"font-size: medium;\">Eccezionalmente potremmo conservare alcuni dei tuoi dati personali per lo svolgimento di attivit\u00e0 di indagine, come previsto dalla normativa.<\/span><\/span><\/p>\n<p class=\"western\"><span style=\"font-family: inherit, Times New Roman, serif;\"><span style=\"font-size: medium;\">Dichiariamo che, trascorsi 24 mesi dal termine delle obbligazioni contrattuali o dalle attivit\u00e0 di presales e commerciali richieste, rimuoveremo i dati personali non diversamente necessari per normative cogenti.<\/span><\/span><\/p>\n<p class=\"western\"><span style=\"font-size: medium;\"><b><span style=\"font-family: inherit, Times New Roman, serif;\">Ritiro del consenso e limitazione del trattamento dei dati personali.<\/span><\/b><\/span><\/p>\n<p class=\"western\"><span style=\"font-family: inherit, Times New Roman, serif;\"><span style=\"font-size: medium;\">\u00c8 possibile in qualsiasi momento revocare il consenso al trattamento dei dati personali inviandoci una comunicazione nella quale specifichi la volont\u00e0 di voler revocare il consenso, oppure procedere direttamente con la cancellazione ove previsto. La revoca del consenso non incide sulla legittimit\u00e0 di qualunque attivit\u00e0 di trattamento basata su di esso prima della sua revoca.<\/span><\/span><\/p>\n","protected":false},"excerpt":{"rendered":"<p>GDPR 679\/2016 \u2013 Informativa in materia di protezione dei dati personali Si informano gli utenti: che i dati verranno trattati in accordo alle disposizioni legislative della normativa sopra richiamata e degli obblighi di riservatezza ivi previsti secondo i principi di correttezza, liceit\u00e0, trasparenza e di tutela della Sua riservatezza Base giuridica L\u2019elaborazione dei dati del [&hellip;]<\/p>\n","protected":false},"author":1,"featured_media":0,"parent":0,"menu_order":0,"comment_status":"closed","ping_status":"closed","template":"","meta":[],"_links":{"self":[{"href":"https:\/\/www.costaserena.it\/en\/wp-json\/wp\/v2\/pages\/10286"}],"collection":[{"href":"https:\/\/www.costaserena.it\/en\/wp-json\/wp\/v2\/pages"}],"about":[{"href":"https:\/\/www.costaserena.it\/en\/wp-json\/wp\/v2\/types\/page"}],"author":[{"embeddable":true,"href":"https:\/\/www.costaserena.it\/en\/wp-json\/wp\/v2\/users\/1"}],"replies":[{"embeddable":true,"href":"https:\/\/www.costaserena.it\/en\/wp-json\/wp\/v2\/comments?post=10286"}],"version-history":[{"count":0,"href":"https:\/\/www.costaserena.it\/en\/wp-json\/wp\/v2\/pages\/10286\/revisions"}],"wp:attachment":[{"href":"https:\/\/www.costaserena.it\/en\/wp-json\/wp\/v2\/media?parent=10286"}],"curies":[{"name":"wp","href":"https:\/\/api.w.org\/{rel}","templated":true}]}}